{"id":16,"date":"2021-04-27T13:31:22","date_gmt":"2021-04-27T11:31:22","guid":{"rendered":"https:\/\/boutique.seedi.fr\/?page_id=16"},"modified":"2021-04-27T13:32:01","modified_gmt":"2021-04-27T11:32:01","slug":"mentions-legales","status":"publish","type":"page","link":"https:\/\/boutique.seedi.fr\/en\/mentions-legales\/","title":{"rendered":"Mentions l\u00e9gales"},"content":{"rendered":"<div class=\"wp-block editor-post-title editor-post-title__block\"><strong><span style=\"font-family: NonBreakingSpaceOverride, 'Hoefler Text', Garamond, 'Times New Roman', serif; letter-spacing: normal;\">Mentions l\u00e9gales<\/span><\/strong><\/div>\n<div>\n<div class=\"block-editor-block-list__layout is-root-container\">\n<p id=\"block-a201cdda-fba5-4e74-b827-fc36f6277c9b\" class=\"block-editor-block-list__block wp-block rich-text block-editor-rich-text__editable wp-block\" tabindex=\"0\" role=\"textbox\" aria-label=\"Bloc paragraphe\" aria-multiline=\"true\" data-block=\"a201cdda-fba5-4e74-b827-fc36f6277c9b\" data-type=\"core\/paragraph\" data-title=\"Paragraphe\">seedi.fr &#8211; SEeDI &#8211; CLEMENT BROSSEAUD<\/p>\n<p id=\"block-49b4cab9-0531-4c48-b5eb-be5805d5cec8\" class=\"block-editor-block-list__block wp-block rich-text block-editor-rich-text__editable wp-block\" tabindex=\"0\" role=\"textbox\" aria-label=\"Bloc paragraphe\" aria-multiline=\"true\" data-block=\"49b4cab9-0531-4c48-b5eb-be5805d5cec8\" data-type=\"core\/paragraph\" data-title=\"Paragraphe\">2 rue madame de Lafayette<br data-rich-text-line-break=\"true\" \/>49220 LE LION D&rsquo;ANGERS<\/p>\n<p id=\"block-e05b8f88-3059-4e4b-a942-fca7d857d0fc\" class=\"block-editor-block-list__block wp-block rich-text block-editor-rich-text__editable wp-block\" tabindex=\"0\" role=\"textbox\" aria-label=\"Bloc paragraphe\" aria-multiline=\"true\" data-block=\"e05b8f88-3059-4e4b-a942-fca7d857d0fc\" data-type=\"core\/paragraph\" data-title=\"Paragraphe\">T\u00e9l\u00e9phone : 06.22.41.72.10<br data-rich-text-line-break=\"true\" \/>Email : contact@seedi.fr<br data-rich-text-line-break=\"true\" \/>Site internet : www.SEeDI.fr<\/p>\n<p id=\"block-22771527-1c3b-4196-a2a0-0f2b816bfcb9\" class=\"block-editor-block-list__block wp-block rich-text block-editor-rich-text__editable wp-block\" tabindex=\"0\" role=\"textbox\" aria-label=\"Bloc paragraphe\" aria-multiline=\"true\" data-block=\"22771527-1c3b-4196-a2a0-0f2b816bfcb9\" data-type=\"core\/paragraph\" data-title=\"Paragraphe\">Auto-entrepreneur<br data-rich-text-line-break=\"true\" \/>SIREN : 887947232<\/p>\n<\/div>\n<\/div>","protected":false},"excerpt":{"rendered":"<p>Mentions l\u00e9gales seedi.fr &#8211; SEeDI &#8211; CLEMENT BROSSEAUD 2 rue madame de Lafayette49220 LE LION D&rsquo;ANGERS T\u00e9l\u00e9phone : 06.22.41.72.10Email : contact@seedi.frSite internet : www.SEeDI.fr Auto-entrepreneurSIREN : 887947232<\/p>","protected":false},"author":1,"featured_media":0,"parent":0,"menu_order":0,"comment_status":"closed","ping_status":"closed","template":"","meta":{"_et_pb_use_builder":"","_et_pb_old_content":"","_et_gb_content_width":"","footnotes":""},"class_list":["post-16","page","type-page","status-publish","hentry"],"yoast_head":"<!-- This site is optimized with the Yoast SEO plugin v27.5 - https:\/\/yoast.com\/product\/yoast-seo-wordpress\/ -->\n<title>Mentions l\u00e9gales - Boutique SEeDI - Votre prestataire informatique au Lion d&#039;Angers<\/title>\n<meta name=\"description\" content=\"Mentions l\u00e9gales boutique SEeDI\" \/>\n<meta name=\"robots\" content=\"index, follow, max-snippet:-1, max-image-preview:large, max-video-preview:-1\" \/>\n<link rel=\"canonical\" href=\"https:\/\/boutique.seedi.fr\/en\/mentions-legales\/\" \/>\n<meta property=\"og:locale\" content=\"en_GB\" \/>\n<meta property=\"og:type\" content=\"article\" \/>\n<meta property=\"og:title\" content=\"Mentions l\u00e9gales - Boutique SEeDI - Votre prestataire informatique au Lion d&#039;Angers\" \/>\n<meta property=\"og:description\" content=\"Mentions l\u00e9gales boutique SEeDI\" \/>\n<meta property=\"og:url\" content=\"https:\/\/boutique.seedi.fr\/en\/mentions-legales\/\" \/>\n<meta property=\"og:site_name\" content=\"Boutique SEeDI - Votre prestataire informatique au Lion d&#039;Angers\" \/>\n<meta property=\"article:modified_time\" content=\"2021-04-27T11:32:01+00:00\" \/>\n<meta name=\"twitter:card\" content=\"summary_large_image\" \/>\n<meta name=\"twitter:label1\" content=\"Estimated reading time\" \/>\n\t<meta name=\"twitter:data1\" content=\"1 minute\" \/>\n<script type=\"application\/ld+json\" class=\"yoast-schema-graph\">{\"@context\":\"https:\\\/\\\/schema.org\",\"@graph\":[{\"@type\":\"WebPage\",\"@id\":\"https:\\\/\\\/boutique.seedi.fr\\\/mentions-legales\\\/\",\"url\":\"https:\\\/\\\/boutique.seedi.fr\\\/mentions-legales\\\/\",\"name\":\"Mentions l\u00e9gales - Boutique SEeDI - Votre prestataire informatique au Lion d&#039;Angers\",\"isPartOf\":{\"@id\":\"https:\\\/\\\/boutique.seedi.fr\\\/#website\"},\"datePublished\":\"2021-04-27T11:31:22+00:00\",\"dateModified\":\"2021-04-27T11:32:01+00:00\",\"description\":\"Mentions l\u00e9gales boutique SEeDI\",\"breadcrumb\":{\"@id\":\"https:\\\/\\\/boutique.seedi.fr\\\/mentions-legales\\\/#breadcrumb\"},\"inLanguage\":\"en-GB\",\"potentialAction\":[{\"@type\":\"ReadAction\",\"target\":[\"https:\\\/\\\/boutique.seedi.fr\\\/mentions-legales\\\/\"]}]},{\"@type\":\"BreadcrumbList\",\"@id\":\"https:\\\/\\\/boutique.seedi.fr\\\/mentions-legales\\\/#breadcrumb\",\"itemListElement\":[{\"@type\":\"ListItem\",\"position\":1,\"name\":\"Accueil\",\"item\":\"https:\\\/\\\/boutique.seedi.fr\\\/\"},{\"@type\":\"ListItem\",\"position\":2,\"name\":\"Mentions l\u00e9gales\"}]},{\"@type\":\"WebSite\",\"@id\":\"https:\\\/\\\/boutique.seedi.fr\\\/#website\",\"url\":\"https:\\\/\\\/boutique.seedi.fr\\\/\",\"name\":\"Boutique SEeDI - Votre prestataire informatique au Lion d&#039;Angers\",\"description\":\"Support Exploitation et D\u00e9veloppement Informatique sur site ou \u00e0 distance\",\"potentialAction\":[{\"@type\":\"SearchAction\",\"target\":{\"@type\":\"EntryPoint\",\"urlTemplate\":\"https:\\\/\\\/boutique.seedi.fr\\\/?s={search_term_string}\"},\"query-input\":{\"@type\":\"PropertyValueSpecification\",\"valueRequired\":true,\"valueName\":\"search_term_string\"}}],\"inLanguage\":\"en-GB\"}]}<\/script>\n<!-- \/ Yoast SEO plugin. -->","yoast_head_json":{"title":"Mentions l\u00e9gales - Boutique SEeDI - Votre prestataire informatique au Lion d&#039;Angers","description":"Mentions l\u00e9gales boutique SEeDI","robots":{"index":"index","follow":"follow","max-snippet":"max-snippet:-1","max-image-preview":"max-image-preview:large","max-video-preview":"max-video-preview:-1"},"canonical":"https:\/\/boutique.seedi.fr\/en\/mentions-legales\/","og_locale":"en_GB","og_type":"article","og_title":"Mentions l\u00e9gales - Boutique SEeDI - Votre prestataire informatique au Lion d&#039;Angers","og_description":"Mentions l\u00e9gales boutique SEeDI","og_url":"https:\/\/boutique.seedi.fr\/en\/mentions-legales\/","og_site_name":"Boutique SEeDI - Votre prestataire informatique au Lion d&#039;Angers","article_modified_time":"2021-04-27T11:32:01+00:00","twitter_card":"summary_large_image","twitter_misc":{"Estimated reading time":"1 minute"},"schema":{"@context":"https:\/\/schema.org","@graph":[{"@type":"WebPage","@id":"https:\/\/boutique.seedi.fr\/mentions-legales\/","url":"https:\/\/boutique.seedi.fr\/mentions-legales\/","name":"Mentions l\u00e9gales - Boutique SEeDI - Votre prestataire informatique au Lion d&#039;Angers","isPartOf":{"@id":"https:\/\/boutique.seedi.fr\/#website"},"datePublished":"2021-04-27T11:31:22+00:00","dateModified":"2021-04-27T11:32:01+00:00","description":"Mentions l\u00e9gales boutique SEeDI","breadcrumb":{"@id":"https:\/\/boutique.seedi.fr\/mentions-legales\/#breadcrumb"},"inLanguage":"en-GB","potentialAction":[{"@type":"ReadAction","target":["https:\/\/boutique.seedi.fr\/mentions-legales\/"]}]},{"@type":"BreadcrumbList","@id":"https:\/\/boutique.seedi.fr\/mentions-legales\/#breadcrumb","itemListElement":[{"@type":"ListItem","position":1,"name":"Accueil","item":"https:\/\/boutique.seedi.fr\/"},{"@type":"ListItem","position":2,"name":"Mentions l\u00e9gales"}]},{"@type":"WebSite","@id":"https:\/\/boutique.seedi.fr\/#website","url":"https:\/\/boutique.seedi.fr\/","name":"Boutique SEeDI - Votre prestataire informatique au Lion d&#039;Angers","description":"Support Exploitation et D\u00e9veloppement Informatique sur site ou \u00e0 distance","potentialAction":[{"@type":"SearchAction","target":{"@type":"EntryPoint","urlTemplate":"https:\/\/boutique.seedi.fr\/?s={search_term_string}"},"query-input":{"@type":"PropertyValueSpecification","valueRequired":true,"valueName":"search_term_string"}}],"inLanguage":"en-GB"}]}},"_links":{"self":[{"href":"https:\/\/boutique.seedi.fr\/en\/wp-json\/wp\/v2\/pages\/16","targetHints":{"allow":["GET"]}}],"collection":[{"href":"https:\/\/boutique.seedi.fr\/en\/wp-json\/wp\/v2\/pages"}],"about":[{"href":"https:\/\/boutique.seedi.fr\/en\/wp-json\/wp\/v2\/types\/page"}],"author":[{"embeddable":true,"href":"https:\/\/boutique.seedi.fr\/en\/wp-json\/wp\/v2\/users\/1"}],"replies":[{"embeddable":true,"href":"https:\/\/boutique.seedi.fr\/en\/wp-json\/wp\/v2\/comments?post=16"}],"version-history":[{"count":2,"href":"https:\/\/boutique.seedi.fr\/en\/wp-json\/wp\/v2\/pages\/16\/revisions"}],"predecessor-version":[{"id":20,"href":"https:\/\/boutique.seedi.fr\/en\/wp-json\/wp\/v2\/pages\/16\/revisions\/20"}],"wp:attachment":[{"href":"https:\/\/boutique.seedi.fr\/en\/wp-json\/wp\/v2\/media?parent=16"}],"curies":[{"name":"wp","href":"https:\/\/api.w.org\/{rel}","templated":true}]}}